{"id":43,"date":"2024-07-22T15:06:48","date_gmt":"2024-07-22T13:06:48","guid":{"rendered":"https:\/\/wordpress2259110.home.pl\/autoinstalator\/wordpressplugins\/?page_id=43"},"modified":"2024-08-07T12:17:19","modified_gmt":"2024-08-07T10:17:19","slug":"sentencje","status":"publish","type":"page","link":"https:\/\/pasnikowski.com\/index.php\/sentencje\/","title":{"rendered":"Sentencje"},"content":{"rendered":"<p>[et_pb_section fb_built=&#8221;1&#8243; _builder_version=&#8221;4.18.0&#8243; _module_preset=&#8221;default&#8221; custom_margin=&#8221;80px||||false|false&#8221; custom_padding=&#8221;0px||0px||true|false&#8221; locked=&#8221;off&#8221; global_colors_info=&#8221;{}&#8221;][et_pb_row _builder_version=&#8221;4.18.0&#8243; _module_preset=&#8221;default&#8221; custom_padding=&#8221;0px||0px||true|false&#8221; global_colors_info=&#8221;{}&#8221;][et_pb_column type=&#8221;4_4&#8243; _builder_version=&#8221;4.18.0&#8243; _module_preset=&#8221;default&#8221; animation_style=&#8221;slide&#8221; animation_direction=&#8221;right&#8221; animation_intensity_slide=&#8221;20%&#8221; global_colors_info=&#8221;{}&#8221;][et_pb_text _builder_version=&#8221;4.27.0&#8243; _module_preset=&#8221;default&#8221; header_font=&#8221;|600|||||||&#8221; header_font_size=&#8221;40px&#8221; header_2_font=&#8221;|600||on|||||&#8221; header_2_text_color=&#8221;gcid-6e01f133-9ec3-435a-b9ca-22f7d399f2a8&#8243; header_2_font_size=&#8221;19px&#8221; custom_margin=&#8221;0px||0px||true|false&#8221; custom_padding=&#8221;0px||0px|20px|true|false&#8221; custom_padding_tablet=&#8221;0px||0px|0px|true|false&#8221; custom_padding_phone=&#8221;0px||0px|0px|true|false&#8221; custom_padding_last_edited=&#8221;on|tablet&#8221; hover_enabled=&#8221;0&#8243; header_text_align_tablet=&#8221;center&#8221; header_text_align_phone=&#8221;center&#8221; header_text_align_last_edited=&#8221;on|tablet&#8221; header_font_size_tablet=&#8221;45px&#8221; header_font_size_phone=&#8221;30px&#8221; header_font_size_last_edited=&#8221;on|phone&#8221; header_2_text_align_tablet=&#8221;center&#8221; header_2_text_align_phone=&#8221;center&#8221; header_2_text_align_last_edited=&#8221;on|tablet&#8221; border_width_left=&#8221;2px&#8221; border_color_left=&#8221;gcid-6e01f133-9ec3-435a-b9ca-22f7d399f2a8&#8243; border_width_left_tablet=&#8221;0px&#8221; border_width_left_phone=&#8221;0px&#8221; border_width_left_last_edited=&#8221;on|tablet&#8221; locked=&#8221;off&#8221; global_colors_info=&#8221;{%22gcid-6e01f133-9ec3-435a-b9ca-22f7d399f2a8%22:%91%22header_2_text_color%22,%22border_color_left%22%93}&#8221; sticky_enabled=&#8221;0&#8243;]<\/p>\n<h2>\/\/ Sentencje \/ Epitafia<\/h2>\n<p>Przyk\u0142adowe sentencje, oferujemy te\u017c zamieszczenie w\u0142asnych propozycji.<\/h2>\n<p>[\/et_pb_text][\/et_pb_column][\/et_pb_row][et_pb_row _builder_version=&#8221;4.27.0&#8243; _module_preset=&#8221;default&#8221;][et_pb_column _builder_version=&#8221;4.27.0&#8243; _module_preset=&#8221;default&#8221; type=&#8221;4_4&#8243;][et_pb_text _builder_version=&#8221;4.27.0&#8243; _module_preset=&#8221;default&#8221; hover_enabled=&#8221;0&#8243; sticky_enabled=&#8221;0&#8243;]<\/p>\n<div class=\"page-header\">\n<h2 itemprop=\"headline\"><\/h2>\n<\/div>\n<div itemprop=\"articleBody\">\n<p><em>\u00a0<\/em><\/p>\n<table class=\"table table-bordered table-hover table-counter\" border=\"1\">\n<caption><\/caption>\n<tbody>\n<tr>\n<td><em><label>1 <\/label>Ave Maria<\/em><\/td>\n<td><em><label>2 <\/label>Jezu, ufam Tobie<\/em><\/td>\n<\/tr>\n<tr>\n<td><em><label>3 <\/label>B\u00f3g jest mi\u0142o\u015bci\u0105<\/em><\/td>\n<td><em><label>4 <\/label>B\u00f3g sam wybiera czas<\/em><\/td>\n<\/tr>\n<tr>\n<td><em><label>5 <\/label>B\u00f3g tak chcia\u0142<\/em><\/td>\n<td><em><label>6 <\/label>Pok\u00f3j Jego\/Jej Duszy<\/em><\/td>\n<\/tr>\n<tr>\n<td><em><label>7 <\/label>Pok\u00f3j Ich Duszom<\/em><\/td>\n<td><em><label>8 <\/label>Wola Twoja Panie<\/em><\/td>\n<\/tr>\n<tr>\n<td><em><label>9 <\/label>B\u0105d\u017a wola Twoja, Panie<\/em><\/td>\n<td><em><label>10 <\/label>Wieczny odpoczynek racz Jej\/Jemu da\u0107 Panie<\/em><\/td>\n<\/tr>\n<tr>\n<td><em><label>11 <\/label>Spoczywaj w pokoju\/ Spoczywajcie w pokoju<\/em><\/td>\n<td><em><label>12 <\/label>Niech spoczywa\/spoczywaj\u0105 z Bogiem<\/em><\/td>\n<\/tr>\n<tr>\n<td><em><label>13 <\/label>Niech spoczywa\/spoczywaj\u0105 w pokoju<\/em><\/td>\n<td><em><label>14 <\/label>B\u0142ogos\u0142awieni, kt\u00f3rzy umieraj\u0105 w Panu<\/em><\/td>\n<\/tr>\n<tr>\n<td><em><label>15 <\/label>Pami\u0119\u0107 pozosta\u0142a<\/em><\/td>\n<td><em><label>16 <\/label>Na zawsze w naszych sercach<\/em><\/td>\n<\/tr>\n<tr>\n<td><em><label>17 <\/label>Na zawsze z Panem<\/em><\/td>\n<td><em><label>18 <\/label>\u017byjecie w naszych sercach<\/em><\/td>\n<\/tr>\n<tr>\n<td><em><label>19 <\/label>Przyjmij mnie Panie<\/em><\/td>\n<td><em><label>20 <\/label>Prosz\u0105 o Zdrowa\u015b Mario<\/em><\/td>\n<\/tr>\n<tr>\n<td><em><label>21 <\/label>Tu spoczywa..<\/em><\/td>\n<td><em><label>22 <\/label>Miejsce spoczynku&#8230;<\/em><\/td>\n<\/tr>\n<tr>\n<td><em><label>23 <\/label>To nie by\u0142 czas, to nie by\u0142a pora<\/em><\/td>\n<td><em><label>24 <\/label>Dzieli nas tylko czas<\/em><\/td>\n<\/tr>\n<tr>\n<td><em><label>25 <\/label>Tak chce los.<\/em><\/td>\n<td><em><label>26 <\/label>Tak mija czas.<\/em><\/td>\n<\/tr>\n<tr>\n<td><em><label>27<\/label> A teraz w prochu zasn\u0119<\/em><\/td>\n<td><em><label>28 <\/label>Zamilk\u0142o ukochane serce<\/em><\/td>\n<\/tr>\n<tr>\n<td><em><label>29 <\/label>Bo\u017ce m\u00f3j ciebie szukam<\/em><\/td>\n<td><em><label>30 <\/label>\u015apieszmy si\u0119 kocha\u0107 ludzi tak szybko odchodz\u0105<\/em><\/td>\n<\/tr>\n<tr>\n<td><em><label>31 <\/label>A koniec jest pocz\u0105tkiem i now\u0105 nadziej\u0105<\/em><\/td>\n<td><em><label>32 <\/label>Odchodzimy w chwili, kiedy by\u015bmy mogli rozpocz\u0105\u0107 \u017cycie<\/em><\/td>\n<\/tr>\n<tr>\n<td><em><label>33 <\/label>W r\u0119ce Twoje Panie, polecam ducha mego.<\/em><\/td>\n<td><em><label>34 <\/label>Dobrych ludzi nikt nie zapomina<\/em><\/td>\n<\/tr>\n<tr>\n<td><em><label>35<\/label>Umar\u0142e\u015b po to, aby \u017cy\u0107.<\/em><\/td>\n<td><em><label>36 <\/label>S\u0142o\u0144ce zgas\u0142o gdy dzie\u0144 jeszcze trwa\u0142<\/em><\/td>\n<\/tr>\n<tr>\n<td><em><label>37 <\/label>Bo\u017ce pozw\u00f3l im na udzia\u0142 w szcz\u0119\u015bciu wiecznym.<\/em><\/td>\n<td><em><label>38 <\/label>Nikt nie mo\u017ce uciec od swego przeznaczenia<\/em><\/td>\n<\/tr>\n<tr>\n<td><em><label>39 <\/label>To co bliskie odchodzi<\/em><\/td>\n<td><em><label>40 <\/label>Pami\u0119\u0107 dowodem mi\u0142o\u015bci<\/em><\/td>\n<\/tr>\n<tr>\n<td><em><label>41 <\/label>Odesz\u0142a\u015b c\u00f3reczko do Niego<\/em><\/td>\n<td><em><label>42 <\/label>Matka zawsze umiera za wcze\u015bnie<\/em><\/td>\n<\/tr>\n<tr>\n<td><em><label>43 <\/label>By\u0142e\u015b nam wszystkim &#8211; jeste\u015b cieniem<\/em><\/td>\n<td><em><label>44 <\/label>Matko Boska, przyjmij mnie w opiek\u0119 swoj\u0105<\/em><\/td>\n<\/tr>\n<tr>\n<td><em><label>45 <\/label>Mo\u017cna odej\u015b\u0107 na zawsze, by stale by\u0107 blisko<\/em><\/td>\n<td><em><label>46 <\/label>Do\u0142\u0105cz ich do grona spoczywaj\u0105cych w Chrystusie<\/em><\/td>\n<\/tr>\n<tr>\n<td><em><label>47 <\/label>Bo\u017ce pozw\u00f3l im na udzia\u0142 w szcz\u0119\u015bciu wiecznym<\/em><\/td>\n<td><em><label>48 <\/label>Roz\u0142\u0105ka jest naszym losem. Spotkanie nasz\u0105 nadziej\u0105<\/em><\/td>\n<\/tr>\n<tr>\n<td><em><label>49 <\/label>Dla \u015bwiata by\u0142e\u015b tylko cz\u0105stka, dla mnie ca\u0142ym \u015bwiatem<\/em><\/td>\n<td><em><label>50 <\/label>Trudno jest powiedzie\u0107 \u2013 \u017cegnaj na zawsze komu\u015b najbli\u017cszemu<\/em><\/td>\n<\/tr>\n<tr>\n<td><em><label>51 <\/label>Gdy serce bi\u0107 przestaje, szum wiatru, ptak\u00f3w \u015bpiew tylko pozostaje.<\/em><\/td>\n<td><em><label>52 <\/label>Mo\u017cna odej\u015b\u0107 na zawsze, a by\u0107 stale bliskim, niezmiernie kochanym<\/em><\/td>\n<\/tr>\n<tr>\n<td><em><label>53 <\/label>Zgas\u0142e\u015b jak gwiazda na b\u0142\u0119kicie, a nam zostawi\u0142e\u015b smutek na ca\u0142e \u017cycie<\/em><\/td>\n<td><em><label>54 <\/label>Tak kr\u00f3tko \u017cy\u0142em, a tak \u017cy\u0107 chcia\u0142em. B\u00f3g tak chcia\u0142, odej\u015b\u0107 musia\u0142em<\/em><\/td>\n<\/tr>\n<tr>\n<td><em><label>55 <\/label>Mie\u0107 kogo\u015b bliskiego i straci\u0107 to jak kupi\u0107 szcz\u0119\u015bcie i \u0142zami zap\u0142aci\u0107<\/em><\/td>\n<td><em><label>56 <\/label>Ja jestem drog\u0105 i prawd\u0105 i \u017cyciem. Nikt nie przychodzi do Ojca inaczej jak tylko przeze mnie<\/em><\/td>\n<\/tr>\n<tr>\n<td><em><label>57 <\/label>Z\u0142ote serce mia\u0142e\u015b, wiele od \u017cycie nie chcia\u0142e\u015b, z czu\u0142o\u015bci\u0105 o nas dba\u0142e\u015b i taki w naszych sercach zostaniesz.<\/em><\/td>\n<td><em><label>58 <\/label>Ka\u017cdy cz\u0142owiek, nawet najskromniejszy, zostawia \u015blad po sobie, jego \u017cycie zahacza o przesz\u0142o\u015b\u0107 i si\u0119ga w przysz\u0142o\u015b\u0107<\/em><\/td>\n<\/tr>\n<tr>\n<td><em><label>59 <\/label>\u015apij Anio\u0142ku<\/em><\/td>\n<td><em><label>60 <\/label>Anio\u0142kiem by\u0142a\u015b na ziemi, Anio\u0142kiem jeste\u015b w niebie. M\u00f3dl si\u0119 za nami wszystkimi, Bo nam tu smutno bez Ciebie.<\/em><\/td>\n<\/tr>\n<tr>\n<td><em><label>61 <\/label>Zgas\u0142a\u015b ma\u0142y anio\u0142ku, jak kwiatek majowy. Nic nie chc\u0105c od tej ziemi, nad kamie\u0144 grobowy.<\/em><\/td>\n<td><em><label>62 <\/label>\u017by\u0142em bo chcia\u0142e\u015b, umar\u0142em bo kaza\u0142e\u015b, zbaw bo mo\u017cesz.<\/em><\/td>\n<\/tr>\n<tr>\n<td><em><label>63 <\/label>Przyszed\u0142e\u015b na \u015bwiat by nauczy\u0107 nas mi\u0142o\u015bci, odszed\u0142e\u015b, by\u015bmy poj\u0119li swoj\u0105 nico\u015b\u0107,<\/em><\/td>\n<td><em><label>64 <\/label>Zab\u0142ys\u0142a\u015b jako szcz\u0119\u015bcie, urojenie z\u0142ote. I zgas\u0142a\u015b zostawiaj\u0105c \u0142zy, b\u00f3l i t\u0119sknot\u0119.<\/em><\/td>\n<\/tr>\n<tr>\n<td><em><label>65 <\/label>Czasami brak s\u0142\u00f3w, czasami brak \u0142ez, by wypowiedzie\u0107 i wyp\u0142aka\u0107 \u017cal.<\/em><\/td>\n<td><em><label>66 <\/label>Czas mija a b\u00f3l i t\u0119sknota pozostaj\u0105.<\/em><\/td>\n<\/tr>\n<tr>\n<td><em><label>67 <\/label>Odej\u015b\u0107 tak, by w \u017cadnym sercu nie zosta\u0142a rysa, lecz pozosta\u0142 \u015blad.<\/em><\/td>\n<td><em><label>68 <\/label>To nic \u017ce czas mija. Mi\u0142o\u015b\u0107 nie ustaje.<\/em><\/td>\n<\/tr>\n<tr>\n<td><em><label>69 <\/label>Niezbadane s\u0105 drogi, na kt\u00f3rych B\u00f3g znajduje cz\u0142owieka.<\/em><\/td>\n<td><em><label>70 <\/label>Historia \u017cycia ka\u017cdego cz\u0142owieka jest bajk\u0105 napisan\u0105 r\u0119k\u0105 Bo\u017c\u0105<\/em><\/td>\n<\/tr>\n<tr>\n<td><em><label>71 <\/label>Czasami kilka \u0142ez ma si\u0142\u0119 wi\u0119ksz\u0105 od krzyku<\/em><\/td>\n<td><em><label>72 <\/label>Pomy\u015bl jak kr\u00f3tkie jest \u017cycie<\/em><\/td>\n<\/tr>\n<tr>\n<td><em><label>73 <\/label>Pot\u0119ga niebios jest niezmierna, nie ma ko\u0144ca i co chcia\u0142 B\u00f3g sta\u0142o si\u0119.<\/em><\/td>\n<td><em><label>74 <\/label>Serce z\u0142ote mia\u0142a\u015b, od \u017cycia niewiele chcia\u0142a\u015b. Zawsze z czu\u0142o\u015bci\u0105 o nas dba\u0142a\u015b.<\/em><\/td>\n<\/tr>\n<tr>\n<td><em><label>75 <\/label>Nie umiera ten, kto trwa w pami\u0119ci \u017cywych<\/em><\/td>\n<td><em><label>76 <\/label>\u015awi\u0119ty Matki gr\u00f3b, pami\u0119ci cierpie\u0144 jej i cn\u00f3t, tu si\u0119 zawsze zwr\u00f3\u0107, gdy burza \u017cycia cie chce st\u0142uc<\/em><\/td>\n<\/tr>\n<tr>\n<td><em><label>77 <\/label>\u015apij ukochany Synku, tak przedwcze\u015bnie nam zabrany: Rado\u015b\u0107 z Tob\u0105 ulecia\u0142a, bole\u015b\u0107 tylko nam zosta\u0142a<\/em><\/td>\n<td><em><label>78 <\/label>Ja jestem zmartwychwstaniem i \u017cyciem, kto wierzy we mnie nie umrze na wieki<\/em><\/td>\n<\/tr>\n<tr>\n<td><em><label>79 <\/label>Bo umrze\u0107 to zbyt ma\u0142y pow\u00f3d, \u017ceby przesta\u0107 kocha\u0107.<\/em><\/td>\n<td><em><label>80 <\/label>Pami\u0119\u0107 Jego niech pozostanie w b\u0142ogos\u0142awionej chwale.<\/em><\/td>\n<\/tr>\n<tr>\n<td><em><label>81 <\/label>Mi\u0142o\u015b\u0107 si\u0119 nie ko\u0144czy przechodz\u0105c przez wrota \u017cycia-staje si\u0119 wieczna<\/em><\/td>\n<td><em><label>82 <\/label>Mo\u017cna odej\u015b\u0107 na zawsze, by stale by\u0107 blisko<\/em><\/td>\n<\/tr>\n<tr>\n<td><em><label>83 <\/label>\u017bal ze si\u0119 za ma\u0142o kocha\u0142o, ze si\u0119 my\u015bla\u0142o o sobie, ze si\u0119 ju\u017c nie zd\u0105\u017cy\u0142o, ze by\u0142o za p\u00f3\u017ano, wszystko jest ju\u017c potem za ma\u0142o cho\u0107by si\u0119 \u0142zy wyp\u0142aka\u0142o<\/em><\/td>\n<td><em><label>84 <\/label>Ludzie \u017cyj\u0105 tak d\u0142ugo, jak d\u0142ugo inni piel\u0119gnuj\u0105 pami\u0119\u0107 o nich my\u015bl\u0105c i kochaj\u0105c.<\/em><\/td>\n<\/tr>\n<tr>\n<td><em><label>85 <\/label>Dla nikogo nie odszed\u0142e\u015b, naprawd\u0119 b\u0119dziesz \u017cy\u0142 w naszych sercach i my\u015blach.<\/em><\/td>\n<td><em><label>86 <\/label>Kto \u017cyje w sercu tych, kt\u00f3rzy pozostaj\u0105, nie umiera.<\/em><\/td>\n<\/tr>\n<tr>\n<td><em><label>87 <\/label>S\u0105 chwile i ludzie, kt\u00f3rych si\u0119 nie zapomina.<\/em><\/td>\n<td><em><label>88 <\/label>Roz\u0142\u0105ka jest naszym losem, spotkanie nasz\u0105 nadziej\u0105.<\/em><\/td>\n<\/tr>\n<tr>\n<td><em><label>89 <\/label>Cz\u0142owiek \u017cyje tak d\u0142ugo, a\u017c nie zginie po nim pami\u0119\u0107<\/em><\/td>\n<td><em><label>90 <\/label>Niech mi\u0142o\u015b\u0107 ta, kt\u00f3ra w\u015br\u00f3d nas \u017cy\u0142a, nigdy nie umrze i b\u0119dzie wci\u0105\u017c \u017cywa.<\/em><\/td>\n<\/tr>\n<tr>\n<td><em><label>91 <\/label>Zawsze b\u0119dziesz mi\u0119dzy nami, w pami\u0119ci i sercach pozostaniesz.<\/em><\/td>\n<td><em><label>92 <\/label>Nie tracimy tych, kt\u00f3rych kochamy, bo mo\u017cemy ich kocha\u0107 w Tym, kt\u00f3rego nie traci si\u0119 nigdy.<\/em><\/td>\n<\/tr>\n<tr>\n<td><em><label>93 <\/label>\u201eOdszed\u0142e\u015b cicho i bez po\u017cegnania, jak ten co nie chce swym odej\u015bciem smuci\u0107, jak ten co wierzy w chwili rozstania, \u017ce niebawem &#8230; wr\u00f3ci.\u201d<\/em><\/td>\n<td><em><label>94 <\/label>\u201eW krainie \u017cycia ujrzy dobro\u0107 Boga, bo w domu Ojca jest mieszka\u0144 wiele.\u201d<\/em><\/td>\n<\/tr>\n<tr>\n<td><em><label>95 <\/label>Wszystko na \u015bwiecie pr\u0119dko przeminie<br \/>p\u0142omienie zgasn\u0105, woda przep\u0142ynie<br \/>przeminie rado\u015b\u0107 i to co boli<br \/>czasy nieszcz\u0119\u015bcia i niedoli<br \/>Min\u0119\u0142o szcz\u0119\u015bcie przysz\u0142o cierpienie<br \/>a pozosta\u0142o tylko wspomnienie<\/em><\/td>\n<td><em><label>96 <\/label>Zaledwie \u017ce nam promyk nadziei zab\u0142ysn\u0105\u0142,<br \/>Ju\u017c ci\u0119 kamie\u0144 grobowy przycisn\u0105\u0142.<br \/>Rado\u015b\u0107 gdy\u015bmy ci\u0119 mieli, nier\u00f3wna bole\u015bci,<br \/>Jaka si\u0119 po Twej stracie w naszym sercu mie\u015bci<\/em><\/td>\n<\/tr>\n<tr>\n<td><em><label>97 <\/label>Przesz\u0142a i zgas\u0142a<br \/>Jako promie\u0144 s\u0142o\u0144ca<br \/>ta ukochana<br \/>i ta kochaj\u0105ca<\/em><\/td>\n<td><em><label>98 <\/label>\u015apij Anio\u0142ku Ukochany<br \/>na czas kr\u00f3tki nam zes\u0142any<br \/>Taka by\u0142a wola Bo\u017ca<br \/>Ulecia\u0142e\u015b zn\u00f3w w przestworza.<\/em><\/td>\n<\/tr>\n<tr>\n<td><em><label>99 <\/label>Zwi\u0119d\u0142a\u015b jak r\u00f3\u017ca, gdy j\u0105 mro\u017any wiatr owieje,<br \/>Ci\u0119\u017ck\u0105 ojcowskie serce okrywszy \u017ca\u0142ob\u0105;<br \/>T\u0119 mi jedn\u0105 w staro\u015bci zostawiasz nadziej\u0119,<br \/>\u017be wkr\u00f3tce p\u00f3jd\u0119 za tob\u0105.<\/em><\/td>\n<td><em><label>100 <\/label>Umieramy aby \u017cy\u0107 inaczej.<\/em><\/td>\n<\/tr>\n<\/tbody>\n<\/table>\n<\/div>\n<p>[\/et_pb_text][\/et_pb_column][\/et_pb_row][\/et_pb_section]<\/p>\n","protected":false},"excerpt":{"rendered":"<p>\/\/ Sentencje \/ Epitafia Przyk\u0142adowe sentencje, oferujemy te\u017c zamieszczenie w\u0142asnych propozycji. \u00a0 1 Ave Maria 2 Jezu, ufam Tobie 3 B\u00f3g jest mi\u0142o\u015bci\u0105 4 B\u00f3g sam wybiera czas 5 B\u00f3g tak chcia\u0142 6 Pok\u00f3j Jego\/Jej Duszy 7 Pok\u00f3j Ich Duszom 8 Wola Twoja Panie 9 B\u0105d\u017a wola Twoja, Panie 10 Wieczny odpoczynek racz Jej\/Jemu da\u0107 [&hellip;]<\/p>\n","protected":false},"author":1,"featured_media":0,"parent":0,"menu_order":0,"comment_status":"closed","ping_status":"closed","template":"","meta":{"_et_pb_use_builder":"on","_et_pb_old_content":"","_et_gb_content_width":"","footnotes":""},"class_list":["post-43","page","type-page","status-publish","hentry"],"yoast_head":"<!-- This site is optimized with the Yoast SEO plugin v23.0 - https:\/\/yoast.com\/wordpress\/plugins\/seo\/ -->\n<title>Sentencje - Kamieniarstwo Pa\u015bnikowski<\/title>\n<meta name=\"robots\" content=\"index, follow, max-snippet:-1, max-image-preview:large, max-video-preview:-1\" \/>\n<link rel=\"canonical\" href=\"https:\/\/pasnikowski.com\/index.php\/sentencje\/\" \/>\n<meta property=\"og:locale\" content=\"pl_PL\" \/>\n<meta property=\"og:type\" content=\"article\" \/>\n<meta property=\"og:title\" content=\"Sentencje - Kamieniarstwo Pa\u015bnikowski\" \/>\n<meta property=\"og:description\" content=\"\/\/ Sentencje \/ Epitafia Przyk\u0142adowe sentencje, oferujemy te\u017c zamieszczenie w\u0142asnych propozycji. \u00a0 1 Ave Maria 2 Jezu, ufam Tobie 3 B\u00f3g jest mi\u0142o\u015bci\u0105 4 B\u00f3g sam wybiera czas 5 B\u00f3g tak chcia\u0142 6 Pok\u00f3j Jego\/Jej Duszy 7 Pok\u00f3j Ich Duszom 8 Wola Twoja Panie 9 B\u0105d\u017a wola Twoja, Panie 10 Wieczny odpoczynek racz Jej\/Jemu da\u0107 [&hellip;]\" \/>\n<meta property=\"og:url\" content=\"https:\/\/pasnikowski.com\/index.php\/sentencje\/\" \/>\n<meta property=\"og:site_name\" content=\"Kamieniarstwo Pa\u015bnikowski\" \/>\n<meta property=\"article:modified_time\" content=\"2024-08-07T10:17:19+00:00\" \/>\n<meta name=\"twitter:card\" content=\"summary_large_image\" \/>\n<meta name=\"twitter:label1\" content=\"Szacowany czas czytania\" \/>\n\t<meta name=\"twitter:data1\" content=\"2 minuty\" \/>\n<script type=\"application\/ld+json\" class=\"yoast-schema-graph\">{\"@context\":\"https:\/\/schema.org\",\"@graph\":[{\"@type\":\"WebPage\",\"@id\":\"https:\/\/pasnikowski.com\/index.php\/sentencje\/\",\"url\":\"https:\/\/pasnikowski.com\/index.php\/sentencje\/\",\"name\":\"Sentencje - Kamieniarstwo Pa\u015bnikowski\",\"isPartOf\":{\"@id\":\"https:\/\/pasnikowski.com\/#website\"},\"datePublished\":\"2024-07-22T13:06:48+00:00\",\"dateModified\":\"2024-08-07T10:17:19+00:00\",\"breadcrumb\":{\"@id\":\"https:\/\/pasnikowski.com\/index.php\/sentencje\/#breadcrumb\"},\"inLanguage\":\"pl-PL\",\"potentialAction\":[{\"@type\":\"ReadAction\",\"target\":[\"https:\/\/pasnikowski.com\/index.php\/sentencje\/\"]}]},{\"@type\":\"BreadcrumbList\",\"@id\":\"https:\/\/pasnikowski.com\/index.php\/sentencje\/#breadcrumb\",\"itemListElement\":[{\"@type\":\"ListItem\",\"position\":1,\"name\":\"Home\",\"item\":\"https:\/\/pasnikowski.com\/\"},{\"@type\":\"ListItem\",\"position\":2,\"name\":\"Sentencje\"}]},{\"@type\":\"WebSite\",\"@id\":\"https:\/\/pasnikowski.com\/#website\",\"url\":\"https:\/\/pasnikowski.com\/\",\"name\":\"Kamieniarstwo Pa\u015bnikowski\",\"description\":\"Nagrobki, parapety. schody, blaty\",\"potentialAction\":[{\"@type\":\"SearchAction\",\"target\":{\"@type\":\"EntryPoint\",\"urlTemplate\":\"https:\/\/pasnikowski.com\/?s={search_term_string}\"},\"query-input\":\"required name=search_term_string\"}],\"inLanguage\":\"pl-PL\"}]}<\/script>\n<!-- \/ Yoast SEO plugin. -->","yoast_head_json":{"title":"Sentencje - Kamieniarstwo Pa\u015bnikowski","robots":{"index":"index","follow":"follow","max-snippet":"max-snippet:-1","max-image-preview":"max-image-preview:large","max-video-preview":"max-video-preview:-1"},"canonical":"https:\/\/pasnikowski.com\/index.php\/sentencje\/","og_locale":"pl_PL","og_type":"article","og_title":"Sentencje - Kamieniarstwo Pa\u015bnikowski","og_description":"\/\/ Sentencje \/ Epitafia Przyk\u0142adowe sentencje, oferujemy te\u017c zamieszczenie w\u0142asnych propozycji. \u00a0 1 Ave Maria 2 Jezu, ufam Tobie 3 B\u00f3g jest mi\u0142o\u015bci\u0105 4 B\u00f3g sam wybiera czas 5 B\u00f3g tak chcia\u0142 6 Pok\u00f3j Jego\/Jej Duszy 7 Pok\u00f3j Ich Duszom 8 Wola Twoja Panie 9 B\u0105d\u017a wola Twoja, Panie 10 Wieczny odpoczynek racz Jej\/Jemu da\u0107 [&hellip;]","og_url":"https:\/\/pasnikowski.com\/index.php\/sentencje\/","og_site_name":"Kamieniarstwo Pa\u015bnikowski","article_modified_time":"2024-08-07T10:17:19+00:00","twitter_card":"summary_large_image","twitter_misc":{"Szacowany czas czytania":"2 minuty"},"schema":{"@context":"https:\/\/schema.org","@graph":[{"@type":"WebPage","@id":"https:\/\/pasnikowski.com\/index.php\/sentencje\/","url":"https:\/\/pasnikowski.com\/index.php\/sentencje\/","name":"Sentencje - Kamieniarstwo Pa\u015bnikowski","isPartOf":{"@id":"https:\/\/pasnikowski.com\/#website"},"datePublished":"2024-07-22T13:06:48+00:00","dateModified":"2024-08-07T10:17:19+00:00","breadcrumb":{"@id":"https:\/\/pasnikowski.com\/index.php\/sentencje\/#breadcrumb"},"inLanguage":"pl-PL","potentialAction":[{"@type":"ReadAction","target":["https:\/\/pasnikowski.com\/index.php\/sentencje\/"]}]},{"@type":"BreadcrumbList","@id":"https:\/\/pasnikowski.com\/index.php\/sentencje\/#breadcrumb","itemListElement":[{"@type":"ListItem","position":1,"name":"Home","item":"https:\/\/pasnikowski.com\/"},{"@type":"ListItem","position":2,"name":"Sentencje"}]},{"@type":"WebSite","@id":"https:\/\/pasnikowski.com\/#website","url":"https:\/\/pasnikowski.com\/","name":"Kamieniarstwo Pa\u015bnikowski","description":"Nagrobki, parapety. schody, blaty","potentialAction":[{"@type":"SearchAction","target":{"@type":"EntryPoint","urlTemplate":"https:\/\/pasnikowski.com\/?s={search_term_string}"},"query-input":"required name=search_term_string"}],"inLanguage":"pl-PL"}]}},"_links":{"self":[{"href":"https:\/\/pasnikowski.com\/index.php\/wp-json\/wp\/v2\/pages\/43","targetHints":{"allow":["GET"]}}],"collection":[{"href":"https:\/\/pasnikowski.com\/index.php\/wp-json\/wp\/v2\/pages"}],"about":[{"href":"https:\/\/pasnikowski.com\/index.php\/wp-json\/wp\/v2\/types\/page"}],"author":[{"embeddable":true,"href":"https:\/\/pasnikowski.com\/index.php\/wp-json\/wp\/v2\/users\/1"}],"replies":[{"embeddable":true,"href":"https:\/\/pasnikowski.com\/index.php\/wp-json\/wp\/v2\/comments?post=43"}],"version-history":[{"count":7,"href":"https:\/\/pasnikowski.com\/index.php\/wp-json\/wp\/v2\/pages\/43\/revisions"}],"predecessor-version":[{"id":1582,"href":"https:\/\/pasnikowski.com\/index.php\/wp-json\/wp\/v2\/pages\/43\/revisions\/1582"}],"wp:attachment":[{"href":"https:\/\/pasnikowski.com\/index.php\/wp-json\/wp\/v2\/media?parent=43"}],"curies":[{"name":"wp","href":"https:\/\/api.w.org\/{rel}","templated":true}]}}