{"id":47,"date":"2024-07-22T15:06:48","date_gmt":"2024-07-22T13:06:48","guid":{"rendered":"https:\/\/wordpress2259110.home.pl\/autoinstalator\/wordpressplugins\/?page_id=47"},"modified":"2024-08-06T11:42:42","modified_gmt":"2024-08-06T09:42:42","slug":"oferta","status":"publish","type":"page","link":"https:\/\/pasnikowski.com\/index.php\/oferta\/","title":{"rendered":"Oferta"},"content":{"rendered":"<p>[et_pb_section fb_built=&#8221;1&#8243; fullwidth=&#8221;on&#8221; _builder_version=&#8221;4.17.4&#8243; _module_preset=&#8221;default&#8221; locked=&#8221;off&#8221; global_colors_info=&#8221;{}&#8221;][et_pb_fullwidth_slider show_pagination=&#8221;off&#8221; module_class=&#8221;main-slide&#8221; _builder_version=&#8221;4.27.0&#8243; _module_preset=&#8221;default&#8221; body_text_align=&#8221;center&#8221; button_text_size=&#8221;17px&#8221; button_border_width=&#8221;1px&#8221; button_border_color=&#8221;gcid-3d7ecc93-4660-4075-9546-bf2f4d3867b6&#8243; button_border_radius=&#8221;0px&#8221; button_font=&#8221;||||||||&#8221; button_use_icon=&#8221;off&#8221; button_custom_padding=&#8221;10px|30px|10px|30px|true|true&#8221; text_orientation=&#8221;left&#8221; height=&#8221;500px&#8221; height_tablet=&#8221;500px&#8221; height_phone=&#8221;400px&#8221; height_last_edited=&#8221;on|phone&#8221; hover_enabled=&#8221;0&#8243; header_text_align_tablet=&#8221;center&#8221; header_text_align_phone=&#8221;center&#8221; header_text_align_last_edited=&#8221;on|tablet&#8221; body_text_align_tablet=&#8221;center&#8221; body_text_align_phone=&#8221;center&#8221; body_text_align_last_edited=&#8221;on|tablet&#8221; body_font_size_tablet=&#8221;&#8221; body_font_size_phone=&#8221;16px&#8221; body_font_size_last_edited=&#8221;on|phone&#8221; button_alignment_tablet=&#8221;center&#8221; button_alignment_phone=&#8221;center&#8221; button_alignment_last_edited=&#8221;on|tablet&#8221; custom_css_slide_button=&#8221;top: 20px;&#8221; global_colors_info=&#8221;{%22gcid-3d7ecc93-4660-4075-9546-bf2f4d3867b6%22:%91%22button_border_color%22,%22button_bg_color__hover%22%93}&#8221; button_bg_color__hover_enabled=&#8221;on|hover&#8221; button_bg_color__hover=&#8221;#242a74&#8243; button_bg_enable_color__hover=&#8221;on&#8221; sticky_enabled=&#8221;0&#8243;][et_pb_slide _builder_version=&#8221;4.27.0&#8243; _module_preset=&#8221;default&#8221; header_level=&#8221;h2&#8243; header_font=&#8221;|300||on|||||&#8221; header_text_color=&#8221;gcid-3d7ecc93-4660-4075-9546-bf2f4d3867b6&#8243; header_font_size=&#8221;20px&#8221; background_enable_color=&#8221;off&#8221; background_image=&#8221;http:\/\/wordpress2259110.home.pl\/autoinstalator\/wordpressplugins\/wp-content\/uploads\/2024\/08\/20240801_110906-scaled.jpg&#8221; background_enable_image=&#8221;on&#8221; hover_enabled=&#8221;0&#8243; global_colors_info=&#8221;{%22gcid-3d7ecc93-4660-4075-9546-bf2f4d3867b6%22:%91%22header_text_color%22%93}&#8221; sticky_transition=&#8221;on&#8221; title_text=&#8221;20240801_110906&#8243; sticky_enabled=&#8221;0&#8243;]<\/p>\n<h1>Oferta<\/h1>\n<p><span>Tworzymy wyj\u0105tkowe miejsca pami\u0119ci, kt\u00f3re \u0142\u0105cz\u0105 tradycj\u0119 z nowoczesnym designem, oddaj\u0105c ho\u0142d tym, kt\u00f3rzy odeszli.<\/span><\/p>\n<p>[\/et_pb_slide][\/et_pb_fullwidth_slider][\/et_pb_section][et_pb_section fb_built=&#8221;1&#8243; _builder_version=&#8221;4.17.4&#8243; _module_preset=&#8221;default&#8221; background_enable_color=&#8221;off&#8221; custom_margin=&#8221;60px||||false|false&#8221; custom_padding=&#8221;0px||0px||true|false&#8221; locked=&#8221;off&#8221; global_colors_info=&#8221;{%22gcid-b512aa89-e7e5-436d-8d23-a1e0e1c4c030%22:%91%22background_color%22%93}&#8221;][et_pb_row _builder_version=&#8221;4.17.4&#8243; _module_preset=&#8221;default&#8221; custom_padding=&#8221;0px||0px||true|false&#8221; global_colors_info=&#8221;{}&#8221;][et_pb_column type=&#8221;4_4&#8243; _builder_version=&#8221;4.17.4&#8243; _module_preset=&#8221;default&#8221; global_colors_info=&#8221;{}&#8221;][et_pb_text _builder_version=&#8221;4.27.0&#8243; _module_preset=&#8221;default&#8221; header_font_size=&#8221;45px&#8221; header_2_font=&#8221;|||on|||||&#8221; header_2_text_color=&#8221;gcid-3d7ecc93-4660-4075-9546-bf2f4d3867b6&#8243; header_2_font_size=&#8221;20px&#8221; custom_margin=&#8221;0px||0px||true|false&#8221; custom_padding=&#8221;0px||0px|20px|true|false&#8221; custom_padding_tablet=&#8221;|||0px|true|false&#8221; custom_padding_phone=&#8221;|||0px|true|false&#8221; custom_padding_last_edited=&#8221;on|tablet&#8221; header_font_size_tablet=&#8221;45px&#8221; header_font_size_phone=&#8221;30px&#8221; header_font_size_last_edited=&#8221;on|phone&#8221; text_orientation_tablet=&#8221;center&#8221; text_orientation_phone=&#8221;center&#8221; text_orientation_last_edited=&#8221;on|tablet&#8221; border_width_left=&#8221;2px&#8221; border_color_left=&#8221;gcid-3d7ecc93-4660-4075-9546-bf2f4d3867b6&#8243; border_width_left_tablet=&#8221;0px&#8221; border_width_left_phone=&#8221;0px&#8221; border_width_left_last_edited=&#8221;on|tablet&#8221; global_colors_info=&#8221;{%22gcid-3d7ecc93-4660-4075-9546-bf2f4d3867b6%22:%91%22header_2_text_color%22,%22border_color_left%22%93}&#8221;]<\/p>\n<h1 class=\"et_pb_module_heading\">Oferta<\/h1>\n<p>[\/et_pb_text][\/et_pb_column][\/et_pb_row][et_pb_row use_custom_gutter=&#8221;on&#8221; gutter_width=&#8221;2&#8243; _builder_version=&#8221;4.17.4&#8243; _module_preset=&#8221;default&#8221; custom_margin=&#8221;50px||||false|false&#8221; custom_padding=&#8221;0px||0px||true|false&#8221; global_colors_info=&#8221;{}&#8221;][et_pb_column type=&#8221;4_4&#8243; _builder_version=&#8221;4.17.4&#8243; _module_preset=&#8221;default&#8221; global_colors_info=&#8221;{}&#8221;][et_pb_text _builder_version=&#8221;4.27.0&#8243; _module_preset=&#8221;default&#8221; text_orientation=&#8221;justified&#8221; global_colors_info=&#8221;{}&#8221;]Wychodz\u0105c naprzeciw Pa\u0144stwa oczekiwaniom zapewniamy profesjonaln\u0105 obs\u0142ug\u0119 przy dokonaniu wyboru nagrobka na indywidualne zam\u00f3wienie. Naszym zadaniem jest pom\u00f3c Pa\u0144stwu w odnalezieniu niepowtarzalnej formy, stylu oraz wzoru, kt\u00f3ry spe\u0142ni Pa\u0144stwa oczekiwania.<br \/>\nGwarantujemy solidno\u015b\u0107 i rzetelno\u015b\u0107 wykonania indywidualnego zam\u00f3wienia, w zale\u017cno\u015bci od wymaga\u0144 zleceniodawcy. W pe\u0142ni dostosujemy si\u0119 do Pa\u0144stwa koncepcji realizacji projektu nagrobka.<\/p>\n<h3>Nasza firma oferuje Pa\u0144stwu pomoc w poszczeg\u00f3lnych etapach zam\u00f3wienia:<\/h3>\n<ol>\n<li><span>Ustalenie rodzaju mogi\u0142y: ziemna pojedyncza, ziemna podw\u00f3jna, piwnica pojedyncza b\u0105d\u017a piwnica podw\u00f3jna.<\/span><\/li>\n<li><span>Okre\u015blenie wymiar\u00f3w pomnika w zale\u017cno\u015bci od jego lokalizacji.<\/span><\/li>\n<li><span>Wizualizacja pr\u00f3bnego projektu nagrobka.<\/span><\/li>\n<li><span>Dob\u00f3r koloru kamienia.<\/span><\/li>\n<li><span>Przedstawienie indywidualnej oferty cenowej.<\/span><\/li>\n<li><span>Z\u0142o\u017cenie zam\u00f3wienia po zatwierdzeniu propozycji.<\/span><\/li>\n<li><span>Wykonanie pr\u00f3bnego monta\u017cu w siedzibie firmy w Mr\u0105gowie.<\/span><\/li>\n<li><span>Ustalenie terminu realizacji zam\u00f3wienia i ostateczny monta\u017c.<\/span><\/li>\n<\/ol>\n<h3>R\u00f3\u017cnorodno\u015b\u0107 Projekt\u00f3w<\/h3>\n<p>Ka\u017cdy nagrobek, kt\u00f3ry tworzymy, jest unikalny i dostosowany do indywidualnych potrzeb naszych klient\u00f3w. Nasze projekty wyr\u00f3\u017cniaj\u0105 si\u0119 oryginalno\u015bci\u0105 i dba\u0142o\u015bci\u0105 o szczeg\u00f3\u0142y, co sprawia, \u017ce ka\u017cde miejsce pami\u0119ci jest wyj\u0105tkowe.<\/p>\n<h3>Oryginalno\u015b\u0107 i Unikalno\u015b\u0107<\/h3>\n<p>Nasze nagrobki to nie tylko miejsca pami\u0119ci, ale tak\u017ce dzie\u0142a sztuki, kt\u00f3re oddaj\u0105 ho\u0142d zmar\u0142ym. Wykorzystujemy r\u00f3\u017cnorodne materia\u0142y i techniki, aby stworzy\u0107 nagrobki, kt\u00f3re s\u0105 zar\u00f3wno pi\u0119kne, jak i trwa\u0142e[\/et_pb_text][et_pb_divider color=&#8221;rgba(36,42,116,0.29)&#8221; divider_weight=&#8221;1px&#8221; _builder_version=&#8221;4.27.0&#8243; _module_preset=&#8221;default&#8221; locked=&#8221;off&#8221; global_colors_info=&#8221;{}&#8221;][\/et_pb_divider][\/et_pb_column][\/et_pb_row][\/et_pb_section]<\/p>\n","protected":false},"excerpt":{"rendered":"<p>Oferta Tworzymy wyj\u0105tkowe miejsca pami\u0119ci, kt\u00f3re \u0142\u0105cz\u0105 tradycj\u0119 z nowoczesnym designem, oddaj\u0105c ho\u0142d tym, kt\u00f3rzy odeszli.OfertaWychodz\u0105c naprzeciw Pa\u0144stwa oczekiwaniom zapewniamy profesjonaln\u0105 obs\u0142ug\u0119 przy dokonaniu wyboru nagrobka na indywidualne zam\u00f3wienie. Naszym zadaniem jest pom\u00f3c Pa\u0144stwu w odnalezieniu niepowtarzalnej formy, stylu oraz wzoru, kt\u00f3ry spe\u0142ni Pa\u0144stwa oczekiwania. Gwarantujemy solidno\u015b\u0107 i rzetelno\u015b\u0107 wykonania indywidualnego zam\u00f3wienia, w zale\u017cno\u015bci od [&hellip;]<\/p>\n","protected":false},"author":1,"featured_media":0,"parent":0,"menu_order":0,"comment_status":"closed","ping_status":"closed","template":"","meta":{"_et_pb_use_builder":"on","_et_pb_old_content":"","_et_gb_content_width":"","footnotes":""},"class_list":["post-47","page","type-page","status-publish","hentry"],"yoast_head":"<!-- This site is optimized with the Yoast SEO plugin v23.0 - https:\/\/yoast.com\/wordpress\/plugins\/seo\/ -->\n<title>Oferta - Kamieniarstwo Pa\u015bnikowski<\/title>\n<meta name=\"robots\" content=\"index, follow, max-snippet:-1, max-image-preview:large, max-video-preview:-1\" \/>\n<link rel=\"canonical\" href=\"https:\/\/pasnikowski.com\/index.php\/oferta\/\" \/>\n<meta property=\"og:locale\" content=\"pl_PL\" \/>\n<meta property=\"og:type\" content=\"article\" \/>\n<meta property=\"og:title\" content=\"Oferta - Kamieniarstwo Pa\u015bnikowski\" \/>\n<meta property=\"og:description\" content=\"Oferta Tworzymy wyj\u0105tkowe miejsca pami\u0119ci, kt\u00f3re \u0142\u0105cz\u0105 tradycj\u0119 z nowoczesnym designem, oddaj\u0105c ho\u0142d tym, kt\u00f3rzy odeszli.OfertaWychodz\u0105c naprzeciw Pa\u0144stwa oczekiwaniom zapewniamy profesjonaln\u0105 obs\u0142ug\u0119 przy dokonaniu wyboru nagrobka na indywidualne zam\u00f3wienie. Naszym zadaniem jest pom\u00f3c Pa\u0144stwu w odnalezieniu niepowtarzalnej formy, stylu oraz wzoru, kt\u00f3ry spe\u0142ni Pa\u0144stwa oczekiwania. Gwarantujemy solidno\u015b\u0107 i rzetelno\u015b\u0107 wykonania indywidualnego zam\u00f3wienia, w zale\u017cno\u015bci od [&hellip;]\" \/>\n<meta property=\"og:url\" content=\"https:\/\/pasnikowski.com\/index.php\/oferta\/\" \/>\n<meta property=\"og:site_name\" content=\"Kamieniarstwo Pa\u015bnikowski\" \/>\n<meta property=\"article:modified_time\" content=\"2024-08-06T09:42:42+00:00\" \/>\n<meta name=\"twitter:card\" content=\"summary_large_image\" \/>\n<meta name=\"twitter:label1\" content=\"Szacowany czas czytania\" \/>\n\t<meta name=\"twitter:data1\" content=\"2 minuty\" \/>\n<script type=\"application\/ld+json\" class=\"yoast-schema-graph\">{\"@context\":\"https:\/\/schema.org\",\"@graph\":[{\"@type\":\"WebPage\",\"@id\":\"https:\/\/pasnikowski.com\/index.php\/oferta\/\",\"url\":\"https:\/\/pasnikowski.com\/index.php\/oferta\/\",\"name\":\"Oferta - Kamieniarstwo Pa\u015bnikowski\",\"isPartOf\":{\"@id\":\"https:\/\/pasnikowski.com\/#website\"},\"datePublished\":\"2024-07-22T13:06:48+00:00\",\"dateModified\":\"2024-08-06T09:42:42+00:00\",\"breadcrumb\":{\"@id\":\"https:\/\/pasnikowski.com\/index.php\/oferta\/#breadcrumb\"},\"inLanguage\":\"pl-PL\",\"potentialAction\":[{\"@type\":\"ReadAction\",\"target\":[\"https:\/\/pasnikowski.com\/index.php\/oferta\/\"]}]},{\"@type\":\"BreadcrumbList\",\"@id\":\"https:\/\/pasnikowski.com\/index.php\/oferta\/#breadcrumb\",\"itemListElement\":[{\"@type\":\"ListItem\",\"position\":1,\"name\":\"Home\",\"item\":\"https:\/\/pasnikowski.com\/\"},{\"@type\":\"ListItem\",\"position\":2,\"name\":\"Oferta\"}]},{\"@type\":\"WebSite\",\"@id\":\"https:\/\/pasnikowski.com\/#website\",\"url\":\"https:\/\/pasnikowski.com\/\",\"name\":\"Kamieniarstwo Pa\u015bnikowski\",\"description\":\"Nagrobki, parapety. schody, blaty\",\"potentialAction\":[{\"@type\":\"SearchAction\",\"target\":{\"@type\":\"EntryPoint\",\"urlTemplate\":\"https:\/\/pasnikowski.com\/?s={search_term_string}\"},\"query-input\":\"required name=search_term_string\"}],\"inLanguage\":\"pl-PL\"}]}<\/script>\n<!-- \/ Yoast SEO plugin. -->","yoast_head_json":{"title":"Oferta - Kamieniarstwo Pa\u015bnikowski","robots":{"index":"index","follow":"follow","max-snippet":"max-snippet:-1","max-image-preview":"max-image-preview:large","max-video-preview":"max-video-preview:-1"},"canonical":"https:\/\/pasnikowski.com\/index.php\/oferta\/","og_locale":"pl_PL","og_type":"article","og_title":"Oferta - Kamieniarstwo Pa\u015bnikowski","og_description":"Oferta Tworzymy wyj\u0105tkowe miejsca pami\u0119ci, kt\u00f3re \u0142\u0105cz\u0105 tradycj\u0119 z nowoczesnym designem, oddaj\u0105c ho\u0142d tym, kt\u00f3rzy odeszli.OfertaWychodz\u0105c naprzeciw Pa\u0144stwa oczekiwaniom zapewniamy profesjonaln\u0105 obs\u0142ug\u0119 przy dokonaniu wyboru nagrobka na indywidualne zam\u00f3wienie. Naszym zadaniem jest pom\u00f3c Pa\u0144stwu w odnalezieniu niepowtarzalnej formy, stylu oraz wzoru, kt\u00f3ry spe\u0142ni Pa\u0144stwa oczekiwania. Gwarantujemy solidno\u015b\u0107 i rzetelno\u015b\u0107 wykonania indywidualnego zam\u00f3wienia, w zale\u017cno\u015bci od [&hellip;]","og_url":"https:\/\/pasnikowski.com\/index.php\/oferta\/","og_site_name":"Kamieniarstwo Pa\u015bnikowski","article_modified_time":"2024-08-06T09:42:42+00:00","twitter_card":"summary_large_image","twitter_misc":{"Szacowany czas czytania":"2 minuty"},"schema":{"@context":"https:\/\/schema.org","@graph":[{"@type":"WebPage","@id":"https:\/\/pasnikowski.com\/index.php\/oferta\/","url":"https:\/\/pasnikowski.com\/index.php\/oferta\/","name":"Oferta - Kamieniarstwo Pa\u015bnikowski","isPartOf":{"@id":"https:\/\/pasnikowski.com\/#website"},"datePublished":"2024-07-22T13:06:48+00:00","dateModified":"2024-08-06T09:42:42+00:00","breadcrumb":{"@id":"https:\/\/pasnikowski.com\/index.php\/oferta\/#breadcrumb"},"inLanguage":"pl-PL","potentialAction":[{"@type":"ReadAction","target":["https:\/\/pasnikowski.com\/index.php\/oferta\/"]}]},{"@type":"BreadcrumbList","@id":"https:\/\/pasnikowski.com\/index.php\/oferta\/#breadcrumb","itemListElement":[{"@type":"ListItem","position":1,"name":"Home","item":"https:\/\/pasnikowski.com\/"},{"@type":"ListItem","position":2,"name":"Oferta"}]},{"@type":"WebSite","@id":"https:\/\/pasnikowski.com\/#website","url":"https:\/\/pasnikowski.com\/","name":"Kamieniarstwo Pa\u015bnikowski","description":"Nagrobki, parapety. schody, blaty","potentialAction":[{"@type":"SearchAction","target":{"@type":"EntryPoint","urlTemplate":"https:\/\/pasnikowski.com\/?s={search_term_string}"},"query-input":"required name=search_term_string"}],"inLanguage":"pl-PL"}]}},"_links":{"self":[{"href":"https:\/\/pasnikowski.com\/index.php\/wp-json\/wp\/v2\/pages\/47","targetHints":{"allow":["GET"]}}],"collection":[{"href":"https:\/\/pasnikowski.com\/index.php\/wp-json\/wp\/v2\/pages"}],"about":[{"href":"https:\/\/pasnikowski.com\/index.php\/wp-json\/wp\/v2\/types\/page"}],"author":[{"embeddable":true,"href":"https:\/\/pasnikowski.com\/index.php\/wp-json\/wp\/v2\/users\/1"}],"replies":[{"embeddable":true,"href":"https:\/\/pasnikowski.com\/index.php\/wp-json\/wp\/v2\/comments?post=47"}],"version-history":[{"count":5,"href":"https:\/\/pasnikowski.com\/index.php\/wp-json\/wp\/v2\/pages\/47\/revisions"}],"predecessor-version":[{"id":1409,"href":"https:\/\/pasnikowski.com\/index.php\/wp-json\/wp\/v2\/pages\/47\/revisions\/1409"}],"wp:attachment":[{"href":"https:\/\/pasnikowski.com\/index.php\/wp-json\/wp\/v2\/media?parent=47"}],"curies":[{"name":"wp","href":"https:\/\/api.w.org\/{rel}","templated":true}]}}