{"id":49,"date":"2024-07-22T15:06:48","date_gmt":"2024-07-22T13:06:48","guid":{"rendered":"https:\/\/wordpress2259110.home.pl\/autoinstalator\/wordpressplugins\/?page_id=49"},"modified":"2024-10-03T09:46:28","modified_gmt":"2024-10-03T07:46:28","slug":"kontakt","status":"publish","type":"page","link":"https:\/\/pasnikowski.com\/index.php\/kontakt\/","title":{"rendered":"Kontakt"},"content":{"rendered":"<p>[et_pb_section fb_built=&#8221;1&#8243; fullwidth=&#8221;on&#8221; _builder_version=&#8221;4.17.4&#8243; _module_preset=&#8221;default&#8221; locked=&#8221;off&#8221; global_colors_info=&#8221;{}&#8221;][et_pb_fullwidth_slider show_pagination=&#8221;off&#8221; module_class=&#8221;main-slide&#8221; _builder_version=&#8221;4.27.0&#8243; _module_preset=&#8221;default&#8221; body_text_align=&#8221;center&#8221; body_font_size=&#8221;21px&#8221; button_text_size=&#8221;17px&#8221; button_border_width=&#8221;1px&#8221; button_border_color=&#8221;gcid-3d7ecc93-4660-4075-9546-bf2f4d3867b6&#8243; button_border_radius=&#8221;0px&#8221; button_font=&#8221;||||||||&#8221; button_use_icon=&#8221;off&#8221; button_custom_padding=&#8221;10px|30px|10px|30px|true|true&#8221; text_orientation=&#8221;left&#8221; height=&#8221;500px&#8221; height_tablet=&#8221;500px&#8221; height_phone=&#8221;400px&#8221; height_last_edited=&#8221;on|phone&#8221; header_text_align_tablet=&#8221;center&#8221; header_text_align_phone=&#8221;center&#8221; header_text_align_last_edited=&#8221;on|tablet&#8221; body_text_align_tablet=&#8221;center&#8221; body_text_align_phone=&#8221;center&#8221; body_text_align_last_edited=&#8221;on|tablet&#8221; body_font_size_tablet=&#8221;&#8221; body_font_size_phone=&#8221;16px&#8221; body_font_size_last_edited=&#8221;on|phone&#8221; button_alignment_tablet=&#8221;center&#8221; button_alignment_phone=&#8221;center&#8221; button_alignment_last_edited=&#8221;on|tablet&#8221; custom_css_slide_button=&#8221;top: 20px;&#8221; global_colors_info=&#8221;{%22gcid-3d7ecc93-4660-4075-9546-bf2f4d3867b6%22:%91%22button_border_color%22,%22button_bg_color__hover%22%93}&#8221; button_bg_color__hover_enabled=&#8221;on|hover&#8221; button_bg_color__hover=&#8221;#242a74&#8243; button_bg_enable_color__hover=&#8221;on&#8221;][et_pb_slide _builder_version=&#8221;4.27.0&#8243; _module_preset=&#8221;default&#8221; header_level=&#8221;h2&#8243; header_font=&#8221;|300||on|||||&#8221; header_text_color=&#8221;gcid-3d7ecc93-4660-4075-9546-bf2f4d3867b6&#8243; header_font_size=&#8221;20px&#8221; body_font=&#8221;|&#8211;et_global_body_font_weight|||||||&#8221; body_font_size=&#8221;40px&#8221; background_enable_color=&#8221;off&#8221; background_image=&#8221;http:\/\/wordpress2259110.home.pl\/autoinstalator\/wordpressplugins\/wp-content\/uploads\/2024\/08\/20240801_110928-scaled.jpg&#8221; background_enable_image=&#8221;on&#8221; global_colors_info=&#8221;{%22gcid-3d7ecc93-4660-4075-9546-bf2f4d3867b6%22:%91%22header_text_color%22%93}&#8221; sticky_transition=&#8221;on&#8221;]<\/p>\n<p>Kontakt<\/p>\n<p>[\/et_pb_slide][\/et_pb_fullwidth_slider][\/et_pb_section][et_pb_section fb_built=&#8221;1&#8243; _builder_version=&#8221;4.17.4&#8243; _module_preset=&#8221;default&#8221; background_color=&#8221;RGBA(255,255,255,0)&#8221; custom_margin=&#8221;-150px||||false|false&#8221; custom_padding=&#8221;0px||0px||true|false&#8221; locked=&#8221;off&#8221; global_colors_info=&#8221;{}&#8221;][et_pb_row column_structure=&#8221;2_5,3_5&#8243; use_custom_gutter=&#8221;on&#8221; gutter_width=&#8221;1&#8243; _builder_version=&#8221;4.27.0&#8243; _module_preset=&#8221;default&#8221; custom_padding=&#8221;0px||0px||true|false&#8221; global_colors_info=&#8221;{}&#8221;][et_pb_column type=&#8221;2_5&#8243; _builder_version=&#8221;4.27.0&#8243; _module_preset=&#8221;default&#8221; background_color=&#8221;#242a74&#8243; custom_padding=&#8221;50px|50px|50px|50px|true|true&#8221; global_colors_info=&#8221;{}&#8221;][et_pb_text _builder_version=&#8221;4.27.0&#8243; _module_preset=&#8221;default&#8221; global_colors_info=&#8221;{}&#8221;]<\/p>\n<h3><span style=\"color: #ffffff;\">Siedziba<\/span><\/h3>\n<p><span style=\"color: #ffffff;\">&#8222;KAMIENIARSTWO &#8211; PA\u015aNIKOWSKI&#8221; SP. Z O.O.<\/span><br \/><span style=\"color: #ffffff;\">KARWIE 54,11-700 MR\u0104GOWO<\/span><br \/><span style=\"color: #ffffff;\"><strong>Godziny otwarcia:<\/strong> <br \/>pn-pt: 8:00-15:00 , <br \/>sobota: 8:00-13:00 &#8211; przed wizyt\u0105 w sobot\u0119 prosimy o wcze\u015bniejszy kontakt telefoniczny<\/span><\/p>\n<p><span style=\"color: #ffffff;\">TEL.: (89) 741-34-98<\/span><br \/><span style=\"color: #ffffff;\">FAX.: (89) 741-25-81<\/span><br \/><span style=\"color: #ffffff;\">biuro@pasnikowski.com<\/span><br \/><span style=\"color: #ffffff;\">www.pasnikowski.com<\/span><\/p>\n<h3><span style=\"color: #ffffff;\">Filie<\/span><\/h3>\n<p><span style=\"color: #ffffff;\">MR\u0104GOWO, 11-700 ul. WOLNO\u015aCI 4B \u201eEDEN\u201d<br \/><\/span><span style=\"color: #ffffff; font-size: 16px; font-family: var(--et_global_body_font),serif; font-weight: var(--et_global_body_font_weight);\">MIKO\u0141AJKI, 11-730 ul. KOLEJOWA<\/span><\/p>\n<p>&nbsp;<\/p>\n<p>[\/et_pb_text][\/et_pb_column][et_pb_column type=&#8221;3_5&#8243; _builder_version=&#8221;4.17.4&#8243; _module_preset=&#8221;default&#8221; background_image=&#8221;https:\/\/pasnikowski.com\/wp-content\/uploads\/2024\/07\/bg-contact-map.png&#8221; custom_padding=&#8221;66px|50px|66px|50px|true|true&#8221; custom_padding_tablet=&#8221;66px|50px|66px|50px|true|true&#8221; custom_padding_phone=&#8221;66px|20px|66px|20px|true|true&#8221; custom_padding_last_edited=&#8221;on|phone&#8221; global_colors_info=&#8221;{}&#8221;][et_pb_text _builder_version=&#8221;4.27.0&#8243; _module_preset=&#8221;default&#8221; global_colors_info=&#8221;{}&#8221;]<\/p>\n<p><span>Je\u015bli masz pytania dotycz\u0105ce naszych us\u0142ug lub chcesz zam\u00f3wi\u0107 unikalny nagrobek, skontaktuj si\u0119 z nami za pomoc\u0105 poni\u017cszego formularza. Jeste\u015bmy tutaj, aby pom\u00f3c Ci stworzy\u0107 wyj\u0105tkowe miejsce pami\u0119ci.<\/span><\/p>\n<p><span><\/span><\/p>\n<p>[\/et_pb_text][et_pb_contact_form captcha=&#8221;off&#8221; email=&#8221;nagrobki@pasnikowski.com&#8221; custom_message=&#8221;Imi\u0119: %%imie%%||et_pb_line_break_holder||Nazwisko: %%nazwisko%%||et_pb_line_break_holder||Telefon: %%telefon%%||et_pb_line_break_holder||E-mail: %%e-mail%%||et_pb_line_break_holder||Wiadomo\u015b\u0107: %%wiadomosc%%&#8221; success_message=&#8221;Twoja wiadomo\u015b\u0107 zosta\u0142a wys\u0142ana. Wkr\u00f3tce si\u0119 z Tob\u0105 skontaktujemy. Dzi\u0119kujemy!&#8221; submit_button_text=&#8221;Wy\u015blij Widomo\u015b\u0107&#8221; _builder_version=&#8221;4.27.0&#8243; _module_preset=&#8221;default&#8221; _unique_id=&#8221;74dd26f5-0901-4bc8-a0bf-bd0f7047f69d&#8221; form_field_background_color=&#8221;#FFFFFF&#8221; button_text_size=&#8221;16px&#8221; button_text_color=&#8221;#000000&#8243; button_bg_color=&#8221;#f7f7f7&#8243; button_border_width=&#8221;1px&#8221; button_border_color=&#8221;gcid-3d7ecc93-4660-4075-9546-bf2f4d3867b6&#8243; button_border_radius=&#8221;0px&#8221; button_use_icon=&#8221;off&#8221; button_custom_padding=&#8221;10px|30px|10px|30px|true|true&#8221; hover_enabled=&#8221;0&#8243; border_width_all=&#8221;1px&#8221; border_color_all=&#8221;#e8e8e8&#8243; global_colors_info=&#8221;{%22gcid-828accbb-1ed2-407d-95be-20ab4e191566%22:%91%22border_color_all%22%93,%22gcid-primary-color%22:%91%22button_bg_color%22%93,%22gcid-body-color%22:%91%22form_field_text_color%22%93,%22gcid-heading-color%22:%91%22title_text_color%22%93,%22gcid-3d7ecc93-4660-4075-9546-bf2f4d3867b6%22:%91%22button_border_color%22%93}&#8221; button_bg_color__hover_enabled=&#8221;on|hover&#8221; button_bg_color__hover=&#8221;#242a74&#8243; button_bg_enable_color__hover=&#8221;on&#8221; button_text_color__hover_enabled=&#8221;on|hover&#8221; button_text_color__hover=&#8221;#FFFFFF&#8221; sticky_enabled=&#8221;0&#8243;][et_pb_contact_field field_id=&#8221;imie&#8221; field_title=&#8221;Imi\u0119&#8221; _builder_version=&#8221;4.17.4&#8243; global_colors_info=&#8221;{}&#8221; button_text_size__hover_enabled=&#8221;off&#8221; button_one_text_size__hover_enabled=&#8221;off&#8221; button_two_text_size__hover_enabled=&#8221;off&#8221; button_text_color__hover_enabled=&#8221;off&#8221; button_one_text_color__hover_enabled=&#8221;off&#8221; button_two_text_color__hover_enabled=&#8221;off&#8221; button_border_width__hover_enabled=&#8221;off&#8221; button_one_border_width__hover_enabled=&#8221;off&#8221; button_two_border_width__hover_enabled=&#8221;off&#8221; button_border_color__hover_enabled=&#8221;off&#8221; button_one_border_color__hover_enabled=&#8221;off&#8221; button_two_border_color__hover_enabled=&#8221;off&#8221; button_border_radius__hover_enabled=&#8221;off&#8221; button_one_border_radius__hover_enabled=&#8221;off&#8221; button_two_border_radius__hover_enabled=&#8221;off&#8221; button_letter_spacing__hover_enabled=&#8221;off&#8221; button_one_letter_spacing__hover_enabled=&#8221;off&#8221; button_two_letter_spacing__hover_enabled=&#8221;off&#8221; button_bg_color__hover_enabled=&#8221;off&#8221; button_one_bg_color__hover_enabled=&#8221;off&#8221; button_two_bg_color__hover_enabled=&#8221;off&#8221;][\/et_pb_contact_field][et_pb_contact_field field_id=&#8221;nazwisko&#8221; field_title=&#8221;Nazwisko&#8221; _builder_version=&#8221;4.17.4&#8243; global_colors_info=&#8221;{}&#8221; button_text_size__hover_enabled=&#8221;off&#8221; button_one_text_size__hover_enabled=&#8221;off&#8221; button_two_text_size__hover_enabled=&#8221;off&#8221; button_text_color__hover_enabled=&#8221;off&#8221; button_one_text_color__hover_enabled=&#8221;off&#8221; button_two_text_color__hover_enabled=&#8221;off&#8221; button_border_width__hover_enabled=&#8221;off&#8221; button_one_border_width__hover_enabled=&#8221;off&#8221; button_two_border_width__hover_enabled=&#8221;off&#8221; button_border_color__hover_enabled=&#8221;off&#8221; button_one_border_color__hover_enabled=&#8221;off&#8221; button_two_border_color__hover_enabled=&#8221;off&#8221; button_border_radius__hover_enabled=&#8221;off&#8221; button_one_border_radius__hover_enabled=&#8221;off&#8221; button_two_border_radius__hover_enabled=&#8221;off&#8221; button_letter_spacing__hover_enabled=&#8221;off&#8221; button_one_letter_spacing__hover_enabled=&#8221;off&#8221; button_two_letter_spacing__hover_enabled=&#8221;off&#8221; button_bg_color__hover_enabled=&#8221;off&#8221; button_one_bg_color__hover_enabled=&#8221;off&#8221; button_two_bg_color__hover_enabled=&#8221;off&#8221;][\/et_pb_contact_field][et_pb_contact_field field_id=&#8221;telefon&#8221; field_title=&#8221;Telefon&#8221; _builder_version=&#8221;4.17.4&#8243; global_colors_info=&#8221;{}&#8221; button_text_size__hover_enabled=&#8221;off&#8221; button_one_text_size__hover_enabled=&#8221;off&#8221; button_two_text_size__hover_enabled=&#8221;off&#8221; button_text_color__hover_enabled=&#8221;off&#8221; button_one_text_color__hover_enabled=&#8221;off&#8221; button_two_text_color__hover_enabled=&#8221;off&#8221; button_border_width__hover_enabled=&#8221;off&#8221; button_one_border_width__hover_enabled=&#8221;off&#8221; button_two_border_width__hover_enabled=&#8221;off&#8221; button_border_color__hover_enabled=&#8221;off&#8221; button_one_border_color__hover_enabled=&#8221;off&#8221; button_two_border_color__hover_enabled=&#8221;off&#8221; button_border_radius__hover_enabled=&#8221;off&#8221; button_one_border_radius__hover_enabled=&#8221;off&#8221; button_two_border_radius__hover_enabled=&#8221;off&#8221; button_letter_spacing__hover_enabled=&#8221;off&#8221; button_one_letter_spacing__hover_enabled=&#8221;off&#8221; button_two_letter_spacing__hover_enabled=&#8221;off&#8221; button_bg_color__hover_enabled=&#8221;off&#8221; button_one_bg_color__hover_enabled=&#8221;off&#8221; button_two_bg_color__hover_enabled=&#8221;off&#8221;][\/et_pb_contact_field][et_pb_contact_field field_id=&#8221;e-mail&#8221; field_title=&#8221;E-mail&#8221; field_type=&#8221;email&#8221; _builder_version=&#8221;4.17.4&#8243; global_colors_info=&#8221;{}&#8221; button_text_size__hover_enabled=&#8221;off&#8221; button_one_text_size__hover_enabled=&#8221;off&#8221; button_two_text_size__hover_enabled=&#8221;off&#8221; button_text_color__hover_enabled=&#8221;off&#8221; button_one_text_color__hover_enabled=&#8221;off&#8221; button_two_text_color__hover_enabled=&#8221;off&#8221; button_border_width__hover_enabled=&#8221;off&#8221; button_one_border_width__hover_enabled=&#8221;off&#8221; button_two_border_width__hover_enabled=&#8221;off&#8221; button_border_color__hover_enabled=&#8221;off&#8221; button_one_border_color__hover_enabled=&#8221;off&#8221; button_two_border_color__hover_enabled=&#8221;off&#8221; button_border_radius__hover_enabled=&#8221;off&#8221; button_one_border_radius__hover_enabled=&#8221;off&#8221; button_two_border_radius__hover_enabled=&#8221;off&#8221; button_letter_spacing__hover_enabled=&#8221;off&#8221; button_one_letter_spacing__hover_enabled=&#8221;off&#8221; button_two_letter_spacing__hover_enabled=&#8221;off&#8221; button_bg_color__hover_enabled=&#8221;off&#8221; button_one_bg_color__hover_enabled=&#8221;off&#8221; button_two_bg_color__hover_enabled=&#8221;off&#8221;][\/et_pb_contact_field][et_pb_contact_field field_id=&#8221;wiadomosc&#8221; field_title=&#8221;Wiadomo\u015b\u0107&#8221; field_type=&#8221;text&#8221; fullwidth_field=&#8221;on&#8221; _builder_version=&#8221;4.17.4&#8243; global_colors_info=&#8221;{}&#8221; button_text_size__hover_enabled=&#8221;off&#8221; button_one_text_size__hover_enabled=&#8221;off&#8221; button_two_text_size__hover_enabled=&#8221;off&#8221; button_text_color__hover_enabled=&#8221;off&#8221; button_one_text_color__hover_enabled=&#8221;off&#8221; button_two_text_color__hover_enabled=&#8221;off&#8221; button_border_width__hover_enabled=&#8221;off&#8221; button_one_border_width__hover_enabled=&#8221;off&#8221; button_two_border_width__hover_enabled=&#8221;off&#8221; button_border_color__hover_enabled=&#8221;off&#8221; button_one_border_color__hover_enabled=&#8221;off&#8221; button_two_border_color__hover_enabled=&#8221;off&#8221; button_border_radius__hover_enabled=&#8221;off&#8221; button_one_border_radius__hover_enabled=&#8221;off&#8221; button_two_border_radius__hover_enabled=&#8221;off&#8221; button_letter_spacing__hover_enabled=&#8221;off&#8221; button_one_letter_spacing__hover_enabled=&#8221;off&#8221; button_two_letter_spacing__hover_enabled=&#8221;off&#8221; button_bg_color__hover_enabled=&#8221;off&#8221; button_one_bg_color__hover_enabled=&#8221;off&#8221; button_two_bg_color__hover_enabled=&#8221;off&#8221;][\/et_pb_contact_field][\/et_pb_contact_form][\/et_pb_column][\/et_pb_row][\/et_pb_section][et_pb_section fb_built=&#8221;1&#8243; _builder_version=&#8221;4.27.0&#8243; _module_preset=&#8221;default&#8221; global_colors_info=&#8221;{}&#8221;][\/et_pb_section][et_pb_section fb_built=&#8221;1&#8243; fullwidth=&#8221;on&#8221; _builder_version=&#8221;4.27.0&#8243; _module_preset=&#8221;default&#8221; global_colors_info=&#8221;{}&#8221;][et_pb_fullwidth_code _builder_version=&#8221;4.27.0&#8243; _module_preset=&#8221;default&#8221; global_colors_info=&#8221;{}&#8221;]<iframe src=\"https:\/\/www.google.com\/maps\/embed?pb=!1m18!1m12!1m3!1d2354.198114865157!2d21.27359417701126!3d53.839340137721926!2m3!1f0!2f0!3f0!3m2!1i1024!2i768!4f13.1!3m3!1m2!1s0x46e219fca5d1d253%3A0x4190c2fb50d03721!2s%22KAMIENIARSTWO%20-%20PA%C5%9ANIKOWSKI%22%20SP.%20Z%20O.O.!5e0!3m2!1spl!2spl!4v1722167366878!5m2!1spl!2spl\" width=\"100%\" height=\"450\" style=\"border:0;\" allowfullscreen=\"\" loading=\"lazy\" referrerpolicy=\"no-referrer-when-downgrade\"><\/iframe>[\/et_pb_fullwidth_code][\/et_pb_section]<\/p>\n","protected":false},"excerpt":{"rendered":"<p>KontaktSiedziba &#8222;KAMIENIARSTWO &#8211; PA\u015aNIKOWSKI&#8221; SP. Z O.O.KARWIE 54,11-700 MR\u0104GOWOGodziny otwarcia: pn-pt: 8:00-15:00 , sobota: 8:00-13:00 &#8211; przed wizyt\u0105 w sobot\u0119 prosimy o wcze\u015bniejszy kontakt telefoniczny TEL.: (89) 741-34-98FAX.: (89) 741-25-81biuro@pasnikowski.comwww.pasnikowski.com Filie MR\u0104GOWO, 11-700 ul. WOLNO\u015aCI 4B \u201eEDEN\u201dMIKO\u0141AJKI, 11-730 ul. KOLEJOWA &nbsp;Je\u015bli masz pytania dotycz\u0105ce naszych us\u0142ug lub chcesz zam\u00f3wi\u0107 unikalny nagrobek, skontaktuj si\u0119 z nami [&hellip;]<\/p>\n","protected":false},"author":1,"featured_media":0,"parent":0,"menu_order":0,"comment_status":"closed","ping_status":"closed","template":"","meta":{"_et_pb_use_builder":"on","_et_pb_old_content":"","_et_gb_content_width":"","footnotes":""},"class_list":["post-49","page","type-page","status-publish","hentry"],"yoast_head":"<!-- This site is optimized with the Yoast SEO plugin v23.0 - https:\/\/yoast.com\/wordpress\/plugins\/seo\/ -->\n<title>Kontakt - Kamieniarstwo Pa\u015bnikowski<\/title>\n<meta name=\"robots\" content=\"index, follow, max-snippet:-1, max-image-preview:large, max-video-preview:-1\" \/>\n<link rel=\"canonical\" href=\"https:\/\/pasnikowski.com\/index.php\/kontakt\/\" \/>\n<meta property=\"og:locale\" content=\"pl_PL\" \/>\n<meta property=\"og:type\" content=\"article\" \/>\n<meta property=\"og:title\" content=\"Kontakt - Kamieniarstwo Pa\u015bnikowski\" \/>\n<meta property=\"og:description\" content=\"KontaktSiedziba &quot;KAMIENIARSTWO - PA\u015aNIKOWSKI&quot; SP. Z O.O.KARWIE 54,11-700 MR\u0104GOWOGodziny otwarcia: pn-pt: 8:00-15:00 , sobota: 8:00-13:00 - przed wizyt\u0105 w sobot\u0119 prosimy o wcze\u015bniejszy kontakt telefoniczny TEL.: (89) 741-34-98FAX.: (89) 741-25-81biuro@pasnikowski.comwww.pasnikowski.com Filie MR\u0104GOWO, 11-700 ul. WOLNO\u015aCI 4B \u201eEDEN\u201dMIKO\u0141AJKI, 11-730 ul. KOLEJOWA &nbsp;Je\u015bli masz pytania dotycz\u0105ce naszych us\u0142ug lub chcesz zam\u00f3wi\u0107 unikalny nagrobek, skontaktuj si\u0119 z nami [&hellip;]\" \/>\n<meta property=\"og:url\" content=\"https:\/\/pasnikowski.com\/index.php\/kontakt\/\" \/>\n<meta property=\"og:site_name\" content=\"Kamieniarstwo Pa\u015bnikowski\" \/>\n<meta property=\"article:modified_time\" content=\"2024-10-03T07:46:28+00:00\" \/>\n<meta name=\"twitter:card\" content=\"summary_large_image\" \/>\n<meta name=\"twitter:label1\" content=\"Szacowany czas czytania\" \/>\n\t<meta name=\"twitter:data1\" content=\"8 minut\" \/>\n<script type=\"application\/ld+json\" class=\"yoast-schema-graph\">{\"@context\":\"https:\/\/schema.org\",\"@graph\":[{\"@type\":\"WebPage\",\"@id\":\"https:\/\/pasnikowski.com\/index.php\/kontakt\/\",\"url\":\"https:\/\/pasnikowski.com\/index.php\/kontakt\/\",\"name\":\"Kontakt - Kamieniarstwo Pa\u015bnikowski\",\"isPartOf\":{\"@id\":\"https:\/\/pasnikowski.com\/#website\"},\"datePublished\":\"2024-07-22T13:06:48+00:00\",\"dateModified\":\"2024-10-03T07:46:28+00:00\",\"breadcrumb\":{\"@id\":\"https:\/\/pasnikowski.com\/index.php\/kontakt\/#breadcrumb\"},\"inLanguage\":\"pl-PL\",\"potentialAction\":[{\"@type\":\"ReadAction\",\"target\":[\"https:\/\/pasnikowski.com\/index.php\/kontakt\/\"]}]},{\"@type\":\"BreadcrumbList\",\"@id\":\"https:\/\/pasnikowski.com\/index.php\/kontakt\/#breadcrumb\",\"itemListElement\":[{\"@type\":\"ListItem\",\"position\":1,\"name\":\"Home\",\"item\":\"https:\/\/pasnikowski.com\/\"},{\"@type\":\"ListItem\",\"position\":2,\"name\":\"Kontakt\"}]},{\"@type\":\"WebSite\",\"@id\":\"https:\/\/pasnikowski.com\/#website\",\"url\":\"https:\/\/pasnikowski.com\/\",\"name\":\"Kamieniarstwo Pa\u015bnikowski\",\"description\":\"Nagrobki, parapety. schody, blaty\",\"potentialAction\":[{\"@type\":\"SearchAction\",\"target\":{\"@type\":\"EntryPoint\",\"urlTemplate\":\"https:\/\/pasnikowski.com\/?s={search_term_string}\"},\"query-input\":\"required name=search_term_string\"}],\"inLanguage\":\"pl-PL\"}]}<\/script>\n<!-- \/ Yoast SEO plugin. -->","yoast_head_json":{"title":"Kontakt - Kamieniarstwo Pa\u015bnikowski","robots":{"index":"index","follow":"follow","max-snippet":"max-snippet:-1","max-image-preview":"max-image-preview:large","max-video-preview":"max-video-preview:-1"},"canonical":"https:\/\/pasnikowski.com\/index.php\/kontakt\/","og_locale":"pl_PL","og_type":"article","og_title":"Kontakt - Kamieniarstwo Pa\u015bnikowski","og_description":"KontaktSiedziba \"KAMIENIARSTWO - PA\u015aNIKOWSKI\" SP. Z O.O.KARWIE 54,11-700 MR\u0104GOWOGodziny otwarcia: pn-pt: 8:00-15:00 , sobota: 8:00-13:00 - przed wizyt\u0105 w sobot\u0119 prosimy o wcze\u015bniejszy kontakt telefoniczny TEL.: (89) 741-34-98FAX.: (89) 741-25-81biuro@pasnikowski.comwww.pasnikowski.com Filie MR\u0104GOWO, 11-700 ul. WOLNO\u015aCI 4B \u201eEDEN\u201dMIKO\u0141AJKI, 11-730 ul. KOLEJOWA &nbsp;Je\u015bli masz pytania dotycz\u0105ce naszych us\u0142ug lub chcesz zam\u00f3wi\u0107 unikalny nagrobek, skontaktuj si\u0119 z nami [&hellip;]","og_url":"https:\/\/pasnikowski.com\/index.php\/kontakt\/","og_site_name":"Kamieniarstwo Pa\u015bnikowski","article_modified_time":"2024-10-03T07:46:28+00:00","twitter_card":"summary_large_image","twitter_misc":{"Szacowany czas czytania":"8 minut"},"schema":{"@context":"https:\/\/schema.org","@graph":[{"@type":"WebPage","@id":"https:\/\/pasnikowski.com\/index.php\/kontakt\/","url":"https:\/\/pasnikowski.com\/index.php\/kontakt\/","name":"Kontakt - Kamieniarstwo Pa\u015bnikowski","isPartOf":{"@id":"https:\/\/pasnikowski.com\/#website"},"datePublished":"2024-07-22T13:06:48+00:00","dateModified":"2024-10-03T07:46:28+00:00","breadcrumb":{"@id":"https:\/\/pasnikowski.com\/index.php\/kontakt\/#breadcrumb"},"inLanguage":"pl-PL","potentialAction":[{"@type":"ReadAction","target":["https:\/\/pasnikowski.com\/index.php\/kontakt\/"]}]},{"@type":"BreadcrumbList","@id":"https:\/\/pasnikowski.com\/index.php\/kontakt\/#breadcrumb","itemListElement":[{"@type":"ListItem","position":1,"name":"Home","item":"https:\/\/pasnikowski.com\/"},{"@type":"ListItem","position":2,"name":"Kontakt"}]},{"@type":"WebSite","@id":"https:\/\/pasnikowski.com\/#website","url":"https:\/\/pasnikowski.com\/","name":"Kamieniarstwo Pa\u015bnikowski","description":"Nagrobki, parapety. schody, blaty","potentialAction":[{"@type":"SearchAction","target":{"@type":"EntryPoint","urlTemplate":"https:\/\/pasnikowski.com\/?s={search_term_string}"},"query-input":"required name=search_term_string"}],"inLanguage":"pl-PL"}]}},"_links":{"self":[{"href":"https:\/\/pasnikowski.com\/index.php\/wp-json\/wp\/v2\/pages\/49","targetHints":{"allow":["GET"]}}],"collection":[{"href":"https:\/\/pasnikowski.com\/index.php\/wp-json\/wp\/v2\/pages"}],"about":[{"href":"https:\/\/pasnikowski.com\/index.php\/wp-json\/wp\/v2\/types\/page"}],"author":[{"embeddable":true,"href":"https:\/\/pasnikowski.com\/index.php\/wp-json\/wp\/v2\/users\/1"}],"replies":[{"embeddable":true,"href":"https:\/\/pasnikowski.com\/index.php\/wp-json\/wp\/v2\/comments?post=49"}],"version-history":[{"count":18,"href":"https:\/\/pasnikowski.com\/index.php\/wp-json\/wp\/v2\/pages\/49\/revisions"}],"predecessor-version":[{"id":1588,"href":"https:\/\/pasnikowski.com\/index.php\/wp-json\/wp\/v2\/pages\/49\/revisions\/1588"}],"wp:attachment":[{"href":"https:\/\/pasnikowski.com\/index.php\/wp-json\/wp\/v2\/media?parent=49"}],"curies":[{"name":"wp","href":"https:\/\/api.w.org\/{rel}","templated":true}]}}